{"id":13000,"date":"2020-01-30T16:54:47","date_gmt":"2020-01-30T14:54:47","guid":{"rendered":"http:\/\/dev.potidea-palace.com\/hochzeit-in-chalkidiki\/"},"modified":"2022-03-19T12:25:35","modified_gmt":"2022-03-19T10:25:35","slug":"hochzeit-in-chalkidiki","status":"publish","type":"page","link":"https:\/\/www.potidea-palace.com\/de\/hochzeit-in-chalkidiki\/","title":{"rendered":"Hochzeit in Chalkidiki"},"content":{"rendered":"\t\t<div data-elementor-type=\"wp-page\" data-elementor-id=\"13000\" class=\"elementor elementor-13000 elementor-8580\" data-elementor-post-type=\"page\">\n\t\t\t\t\t\t<section class=\"elementor-section elementor-top-section elementor-element elementor-element-f7d40fc elementor-section-height-min-height elementor-section-items-stretch elementor-section-boxed elementor-section-height-default\" data-id=\"f7d40fc\" data-element_type=\"section\" data-e-type=\"section\">\n\t\t\t\t\t\t\t<div class=\"elementor-background-overlay\"><\/div>\n\t\t\t\t\t\t\t<div class=\"elementor-container elementor-column-gap-default\">\n\t\t\t\t\t<div class=\"elementor-column elementor-col-50 elementor-top-column elementor-element elementor-element-0e4dfac\" data-id=\"0e4dfac\" data-element_type=\"column\" data-e-type=\"column\">\n\t\t\t<div class=\"elementor-widget-wrap elementor-element-populated\">\n\t\t\t\t\t\t<div class=\"elementor-element elementor-element-ab6f32a elementor-absolute elementor-hidden-phone elementor-widget__width-inherit elementor-hidden-tablet elementor-invisible elementor-widget elementor-widget-image\" data-id=\"ab6f32a\" data-element_type=\"widget\" data-e-type=\"widget\" data-settings=\"{&quot;_position&quot;:&quot;absolute&quot;,&quot;_animation&quot;:&quot;zoomIn&quot;,&quot;_animation_delay&quot;:300,&quot;motion_fx_motion_fx_scrolling&quot;:&quot;yes&quot;,&quot;motion_fx_translateY_effect&quot;:&quot;yes&quot;,&quot;motion_fx_translateY_speed&quot;:{&quot;unit&quot;:&quot;px&quot;,&quot;size&quot;:3,&quot;sizes&quot;:[]},&quot;motion_fx_translateY_affectedRange&quot;:{&quot;unit&quot;:&quot;%&quot;,&quot;size&quot;:&quot;&quot;,&quot;sizes&quot;:{&quot;start&quot;:38,&quot;end&quot;:67}},&quot;motion_fx_devices&quot;:[&quot;desktop&quot;,&quot;tablet&quot;,&quot;mobile&quot;]}\" data-widget_type=\"image.default\">\n\t\t\t\t<div class=\"elementor-widget-container\">\n\t\t\t\t\t\t\t\t\t\t\t\t\t\t\t<img decoding=\"async\" src=\"https:\/\/www.potidea-palace.com\/wp-content\/uploads\/elementor\/thumbs\/weddings-oi0ewlqp5qp6k7orxayan88uideksui6x9p59ba4kg.jpg\" title=\"weddings\" alt=\"weddings\" loading=\"lazy\" \/>\t\t\t\t\t\t\t\t\t\t\t\t\t\t\t<\/div>\n\t\t\t\t<\/div>\n\t\t\t\t<div class=\"elementor-element elementor-element-7a3b6db animated-fast mobile-shadow-right elementor-invisible elementor-widget elementor-widget-image\" data-id=\"7a3b6db\" data-element_type=\"widget\" data-e-type=\"widget\" data-settings=\"{&quot;_animation&quot;:&quot;zoomIn&quot;}\" data-widget_type=\"image.default\">\n\t\t\t\t<div class=\"elementor-widget-container\">\n\t\t\t\t\t\t\t\t\t\t\t\t\t\t\t<img fetchpriority=\"high\" decoding=\"async\" width=\"2000\" height=\"1192\" src=\"https:\/\/www.potidea-palace.com\/wp-content\/uploads\/2019\/12\/Yes-i-do.jpg\" class=\"attachment-full size-full wp-image-8481\" alt=\"Yes i do\" srcset=\"https:\/\/www.potidea-palace.com\/wp-content\/uploads\/2019\/12\/Yes-i-do.jpg 2000w, https:\/\/www.potidea-palace.com\/wp-content\/uploads\/2019\/12\/Yes-i-do-600x358.jpg 600w, https:\/\/www.potidea-palace.com\/wp-content\/uploads\/2019\/12\/Yes-i-do-1400x834.jpg 1400w, https:\/\/www.potidea-palace.com\/wp-content\/uploads\/2019\/12\/Yes-i-do-768x458.jpg 768w, https:\/\/www.potidea-palace.com\/wp-content\/uploads\/2019\/12\/Yes-i-do-1536x915.jpg 1536w\" sizes=\"(max-width: 2000px) 100vw, 2000px\" \/>\t\t\t\t\t\t\t\t\t\t\t\t\t\t\t<\/div>\n\t\t\t\t<\/div>\n\t\t\t\t\t<\/div>\n\t\t<\/div>\n\t\t\t\t<div class=\"elementor-column elementor-col-50 elementor-top-column elementor-element elementor-element-31aebdc\" data-id=\"31aebdc\" data-element_type=\"column\" data-e-type=\"column\">\n\t\t\t<div class=\"elementor-widget-wrap elementor-element-populated\">\n\t\t\t\t\t\t<section class=\"elementor-section elementor-inner-section elementor-element elementor-element-e446315 elementor-section-boxed elementor-section-height-default elementor-section-height-default elementor-invisible\" data-id=\"e446315\" data-element_type=\"section\" data-e-type=\"section\" data-settings=\"{&quot;animation&quot;:&quot;fadeIn&quot;}\">\n\t\t\t\t\t\t<div class=\"elementor-container elementor-column-gap-default\">\n\t\t\t\t\t<div class=\"elementor-column elementor-col-100 elementor-inner-column elementor-element elementor-element-cbaafa3\" data-id=\"cbaafa3\" data-element_type=\"column\" data-e-type=\"column\">\n\t\t\t<div class=\"elementor-widget-wrap elementor-element-populated\">\n\t\t\t\t\t\t<div class=\"elementor-element elementor-element-6fbeb28 vertical elementor-widget__width-auto elementor-absolute elementor-hidden-phone elementor-hidden-tablet elementor-widget elementor-widget-heading\" data-id=\"6fbeb28\" data-element_type=\"widget\" data-e-type=\"widget\" data-settings=\"{&quot;_position&quot;:&quot;absolute&quot;}\" data-widget_type=\"heading.default\">\n\t\t\t\t<div class=\"elementor-widget-container\">\n\t\t\t\t\t<span class=\"elementor-heading-title elementor-size-default\">Hochzeitserfahrung erleben -<\/span>\t\t\t\t<\/div>\n\t\t\t\t<\/div>\n\t\t\t\t<div class=\"elementor-element elementor-element-46e755c elementor-widget elementor-widget-heading\" data-id=\"46e755c\" data-element_type=\"widget\" data-e-type=\"widget\" data-widget_type=\"heading.default\">\n\t\t\t\t<div class=\"elementor-widget-container\">\n\t\t\t\t\t<h1 class=\"elementor-heading-title elementor-size-default\">Hochzeit in Chalkidiki<\/h1>\t\t\t\t<\/div>\n\t\t\t\t<\/div>\n\t\t\t\t<div class=\"elementor-element elementor-element-2ed8460 elementor-widget elementor-widget-text-editor\" data-id=\"2ed8460\" data-element_type=\"widget\" data-e-type=\"widget\" data-widget_type=\"text-editor.default\">\n\t\t\t\t<div class=\"elementor-widget-container\">\n\t\t\t\t\t\t\t\t\t<p>Organisieren Sie Ihre M\u00e4rchenhochzeit in Chalkidiki. Im Potidea palace Hotel, eines des Top-All-Inklusiv Hotels in Chalkidiki, werden unsere Eventkoordinatoren daf\u00fcr sorgen,dass Sie eine einmalige Hochzeitserfahrung erleben. Tauschen Sie Ihr Gel\u00fcbde der ewigen Liebe aus und g\u00f6nnen Sie sich einzigartige Leistungen, die zur Befriedigung Ihrer W\u00fcnsche f\u00fchren. Wir k\u00f6nnen jede Verasntaltung von 20 bis zu 250 G\u00e4ste mit verschiedene Optionen organisieren. Unser professionelles und erfahrenes Team organisiert Ihre Hochzeit in Chalkidiki \u00fcber Ihre Erwartungen hinaus, dass Sie, Ihr Partner und Ihre G\u00e4ste sich \u00fcber viele Jahren erinnern werden.<\/p>\n<p>Nach der vertr\u00e4umten Hochzeitszeremonie, halten Sie eine unvergessliche Hochzeitsfeier mit Ihren Lieben, Ihrer Familie und Freunden in der romantischen Umgebung. W\u00e4hlen Sie unter unseren sorgf\u00e4ltig vorbereiteten Chalkidiki-Hochzeitspauschalen aus oder fragen Sie und einen ma\u00dfgeschneiderten Vorschlag vorzubereiten, der Ihren Bed\u00fcrfnissen am besten entspricht.<\/p>\n\t\t\t\t\t\t\t\t<\/div>\n\t\t\t\t<\/div>\n\t\t\t\t\t<\/div>\n\t\t<\/div>\n\t\t\t\t\t<\/div>\n\t\t<\/section>\n\t\t\t\t\t<\/div>\n\t\t<\/div>\n\t\t\t\t\t<\/div>\n\t\t<\/section>\n\t\t\t\t<section class=\"elementor-section elementor-top-section elementor-element elementor-element-ddf4c57 elementor-reverse-mobile no-bckg-overlay elementor-section-boxed elementor-section-height-default elementor-section-height-default\" data-id=\"ddf4c57\" data-element_type=\"section\" data-e-type=\"section\" data-settings=\"{&quot;background_background&quot;:&quot;gradient&quot;}\">\n\t\t\t\t\t\t\t<div class=\"elementor-background-overlay\"><\/div>\n\t\t\t\t\t\t\t<div class=\"elementor-container elementor-column-gap-default\">\n\t\t\t\t\t<div class=\"elementor-column elementor-col-50 elementor-top-column elementor-element elementor-element-da71004\" data-id=\"da71004\" data-element_type=\"column\" data-e-type=\"column\">\n\t\t\t<div class=\"elementor-widget-wrap elementor-element-populated\">\n\t\t\t\t\t\t<section class=\"elementor-section elementor-inner-section elementor-element elementor-element-2adc425 elementor-section-boxed elementor-section-height-default elementor-section-height-default elementor-invisible\" data-id=\"2adc425\" data-element_type=\"section\" data-e-type=\"section\" data-settings=\"{&quot;animation&quot;:&quot;fadeIn&quot;}\">\n\t\t\t\t\t\t<div class=\"elementor-container elementor-column-gap-default\">\n\t\t\t\t\t<div class=\"elementor-column elementor-col-100 elementor-inner-column elementor-element elementor-element-7a4ce31\" data-id=\"7a4ce31\" data-element_type=\"column\" data-e-type=\"column\">\n\t\t\t<div class=\"elementor-widget-wrap elementor-element-populated\">\n\t\t\t\t\t\t<div class=\"elementor-element elementor-element-39238ed elementor-invisible elementor-widget elementor-widget-heading\" data-id=\"39238ed\" data-element_type=\"widget\" data-e-type=\"widget\" data-settings=\"{&quot;_animation&quot;:&quot;fadeInDown&quot;}\" data-widget_type=\"heading.default\">\n\t\t\t\t<div class=\"elementor-widget-container\">\n\t\t\t\t\t<h2 class=\"elementor-heading-title elementor-size-default\">Flitterwochen und Jubil\u00e4en<\/h2>\t\t\t\t<\/div>\n\t\t\t\t<\/div>\n\t\t\t\t<div class=\"elementor-element elementor-element-3709fce elementor-widget elementor-widget-text-editor\" data-id=\"3709fce\" data-element_type=\"widget\" data-e-type=\"widget\" data-widget_type=\"text-editor.default\">\n\t\t\t\t<div class=\"elementor-widget-container\">\n\t\t\t\t\t\t\t\t\t<p>Reisen Sie auf Ihre Flitterwochen nach Chalkidiki und \u00fcbernachten Sie im Potidea Palace. Lassen Sie uns im Voraus wissen (am besten 2 Wochen vor Anreise) und nutzen Sie einige gro\u00dfartige exclusive Leistungen f\u00fcr Jungverm\u00e4hlten sowie Paare, die Ihre Silberne oder Goldene Jubil\u00e4en feiern!<\/p>\n\t\t\t\t\t\t\t\t<\/div>\n\t\t\t\t<\/div>\n\t\t\t\t\t<\/div>\n\t\t<\/div>\n\t\t\t\t\t<\/div>\n\t\t<\/section>\n\t\t\t\t\t<\/div>\n\t\t<\/div>\n\t\t\t\t<div class=\"elementor-column elementor-col-50 elementor-top-column elementor-element elementor-element-95dcf53\" data-id=\"95dcf53\" data-element_type=\"column\" data-e-type=\"column\">\n\t\t\t<div class=\"elementor-widget-wrap elementor-element-populated\">\n\t\t\t\t\t\t<div class=\"elementor-element elementor-element-e728d28 elementor-absolute elementor-hidden-phone elementor-hidden-tablet elementor-invisible elementor-widget elementor-widget-image\" data-id=\"e728d28\" data-element_type=\"widget\" data-e-type=\"widget\" data-settings=\"{&quot;_position&quot;:&quot;absolute&quot;,&quot;_animation&quot;:&quot;zoomIn&quot;,&quot;_animation_delay&quot;:300}\" data-widget_type=\"image.default\">\n\t\t\t\t<div class=\"elementor-widget-container\">\n\t\t\t\t\t\t\t\t\t\t\t\t\t\t\t<img decoding=\"async\" src=\"https:\/\/www.potidea-palace.com\/wp-content\/uploads\/elementor\/thumbs\/weddings-oi0ewlqp5qpr0t129dmr6c2uw7us2qhdir6za9t3m0.jpg\" title=\"weddings\" alt=\"weddings\" loading=\"lazy\" \/>\t\t\t\t\t\t\t\t\t\t\t\t\t\t\t<\/div>\n\t\t\t\t<\/div>\n\t\t\t\t<div class=\"elementor-element elementor-element-d816b15 animated-fast elementor-invisible elementor-widget elementor-widget-image\" data-id=\"d816b15\" data-element_type=\"widget\" data-e-type=\"widget\" data-settings=\"{&quot;_animation&quot;:&quot;zoomIn&quot;}\" data-widget_type=\"image.default\">\n\t\t\t\t<div class=\"elementor-widget-container\">\n\t\t\t\t\t\t\t\t\t\t\t\t\t\t\t<img decoding=\"async\" width=\"1600\" height=\"1063\" src=\"https:\/\/www.potidea-palace.com\/wp-content\/uploads\/2019\/12\/wedding-photo-beach.jpg\" class=\"attachment-full size-full wp-image-9176\" alt=\"Wedding photo beach\" srcset=\"https:\/\/www.potidea-palace.com\/wp-content\/uploads\/2019\/12\/wedding-photo-beach.jpg 1600w, https:\/\/www.potidea-palace.com\/wp-content\/uploads\/2019\/12\/wedding-photo-beach-600x399.jpg 600w, https:\/\/www.potidea-palace.com\/wp-content\/uploads\/2019\/12\/wedding-photo-beach-1400x930.jpg 1400w, https:\/\/www.potidea-palace.com\/wp-content\/uploads\/2019\/12\/wedding-photo-beach-768x510.jpg 768w, https:\/\/www.potidea-palace.com\/wp-content\/uploads\/2019\/12\/wedding-photo-beach-1536x1020.jpg 1536w\" sizes=\"(max-width: 1600px) 100vw, 1600px\" \/>\t\t\t\t\t\t\t\t\t\t\t\t\t\t\t<\/div>\n\t\t\t\t<\/div>\n\t\t\t\t<div class=\"elementor-element elementor-element-29d0522 vertical elementor-widget__width-auto elementor-absolute elementor-hidden-phone elementor-hidden-tablet elementor-widget elementor-widget-heading\" data-id=\"29d0522\" data-element_type=\"widget\" data-e-type=\"widget\" data-settings=\"{&quot;_position&quot;:&quot;absolute&quot;}\" data-widget_type=\"heading.default\">\n\t\t\t\t<div class=\"elementor-widget-container\">\n\t\t\t\t\t<span class=\"elementor-heading-title elementor-size-default\">- die Ihre Silberne oder Goldene Jubil\u00e4en feiern<\/span>\t\t\t\t<\/div>\n\t\t\t\t<\/div>\n\t\t\t\t\t<\/div>\n\t\t<\/div>\n\t\t\t\t\t<\/div>\n\t\t<\/section>\n\t\t\t\t<section class=\"elementor-section elementor-top-section elementor-element elementor-element-42dad5f elementor-section-boxed elementor-section-height-default elementor-section-height-default\" data-id=\"42dad5f\" data-element_type=\"section\" data-e-type=\"section\">\n\t\t\t\t\t\t\t<div class=\"elementor-background-overlay\"><\/div>\n\t\t\t\t\t\t\t<div class=\"elementor-container elementor-column-gap-default\">\n\t\t\t\t\t<div class=\"elementor-column elementor-col-100 elementor-top-column elementor-element elementor-element-8622d76 elementor-invisible\" data-id=\"8622d76\" data-element_type=\"column\" data-e-type=\"column\" data-settings=\"{&quot;background_background&quot;:&quot;classic&quot;,&quot;animation&quot;:&quot;slideInUp&quot;}\">\n\t\t\t<div class=\"elementor-widget-wrap elementor-element-populated\">\n\t\t\t\t\t\t<section class=\"elementor-section elementor-inner-section elementor-element elementor-element-77587b6 elementor-section-boxed elementor-section-height-default elementor-section-height-default\" data-id=\"77587b6\" data-element_type=\"section\" data-e-type=\"section\">\n\t\t\t\t\t\t<div class=\"elementor-container elementor-column-gap-default\">\n\t\t\t\t\t<div class=\"elementor-column elementor-col-100 elementor-inner-column elementor-element elementor-element-87c5f8e\" data-id=\"87c5f8e\" data-element_type=\"column\" data-e-type=\"column\" data-settings=\"{&quot;background_background&quot;:&quot;classic&quot;}\">\n\t\t\t<div class=\"elementor-widget-wrap elementor-element-populated\">\n\t\t\t\t\t\t<div class=\"elementor-element elementor-element-de1f0a5 elementor-invisible elementor-widget elementor-widget-heading\" data-id=\"de1f0a5\" data-element_type=\"widget\" data-e-type=\"widget\" data-settings=\"{&quot;_animation&quot;:&quot;fadeInDown&quot;}\" data-widget_type=\"heading.default\">\n\t\t\t\t<div class=\"elementor-widget-container\">\n\t\t\t\t\t<h2 class=\"elementor-heading-title elementor-size-default\">Planen Sie Ihre Hochzeit in Chalkidiki<\/h2>\t\t\t\t<\/div>\n\t\t\t\t<\/div>\n\t\t\t\t<div class=\"elementor-element elementor-element-62ecf87 envato-kit-181-rotate elementor-widget__width-initial elementor-absolute elementor-hidden-phone elementor-widget elementor-widget-heading\" data-id=\"62ecf87\" data-element_type=\"widget\" data-e-type=\"widget\" data-settings=\"{&quot;_position&quot;:&quot;absolute&quot;}\" data-widget_type=\"heading.default\">\n\t\t\t\t<div class=\"elementor-widget-container\">\n\t\t\t\t\t<span class=\"elementor-heading-title elementor-size-default\">Schreib uns -<\/span>\t\t\t\t<\/div>\n\t\t\t\t<\/div>\n\t\t\t\t<div class=\"elementor-element elementor-element-8c65b66 elementor-button-align-stretch elementor-widget elementor-widget-form\" data-id=\"8c65b66\" data-element_type=\"widget\" data-e-type=\"widget\" data-settings=\"{&quot;step_next_label&quot;:&quot;Next&quot;,&quot;step_previous_label&quot;:&quot;Previous&quot;,&quot;step_type&quot;:&quot;number_text&quot;,&quot;step_icon_shape&quot;:&quot;circle&quot;}\" data-widget_type=\"form.default\">\n\t\t\t\t<div class=\"elementor-widget-container\">\n\t\t\t\t\t\t\t<form class=\"elementor-form\" method=\"post\" name=\"New Form\" aria-label=\"New Form\">\n\t\t\t<input type=\"hidden\" name=\"post_id\" value=\"13000\"\/>\n\t\t\t<input type=\"hidden\" name=\"form_id\" value=\"8c65b66\"\/>\n\t\t\t<input type=\"hidden\" name=\"referer_title\" value=\"Hochzeit Chalkidiki | Potidea Palace | Flitterwochen | Jubil\u00e4en | Chalkidiki Griechenland\" \/>\n\n\t\t\t\t\t\t\t<input type=\"hidden\" name=\"queried_id\" value=\"13000\"\/>\n\t\t\t\n\t\t\t<div class=\"elementor-form-fields-wrapper elementor-labels-\">\n\t\t\t\t\t\t\t\t<div class=\"elementor-field-type-recaptcha_v3 elementor-field-group elementor-column elementor-field-group-field_58e9254 elementor-col-100 recaptcha_v3-bottomright\">\n\t\t\t\t\t<div class=\"elementor-field\" id=\"form-field-field_58e9254\"><div class=\"elementor-g-recaptcha\" data-sitekey=\"6LdJoo4UAAAAAO1qqqR1faEHhBBKKCpx2FSKakH4\" data-type=\"v3\" data-action=\"Form\" data-badge=\"bottomright\" data-size=\"invisible\"><\/div><\/div>\t\t\t\t<\/div>\n\t\t\t\t\t\t\t\t<div class=\"elementor-field-type-text elementor-field-group elementor-column elementor-field-group-name elementor-col-100\">\n\t\t\t\t\t\t\t\t\t\t\t\t<label for=\"form-field-name\" class=\"elementor-field-label elementor-screen-only\">\n\t\t\t\t\t\t\t\tDein Name\t\t\t\t\t\t\t<\/label>\n\t\t\t\t\t\t\t\t\t\t\t\t\t\t<input size=\"1\" type=\"text\" name=\"form_fields[name]\" id=\"form-field-name\" class=\"elementor-field elementor-size-sm  elementor-field-textual\" placeholder=\"Dein Name*\">\n\t\t\t\t\t\t\t\t\t\t\t<\/div>\n\t\t\t\t\t\t\t\t<div class=\"elementor-field-type-email elementor-field-group elementor-column elementor-field-group-email elementor-col-50 elementor-field-required\">\n\t\t\t\t\t\t\t\t\t\t\t\t<label for=\"form-field-email\" class=\"elementor-field-label elementor-screen-only\">\n\t\t\t\t\t\t\t\tDeine E-Mail-Adresse\t\t\t\t\t\t\t<\/label>\n\t\t\t\t\t\t\t\t\t\t\t\t\t\t<input size=\"1\" type=\"email\" name=\"form_fields[email]\" id=\"form-field-email\" class=\"elementor-field elementor-size-sm  elementor-field-textual\" placeholder=\"Deine E-Mail-Adresse*\" required=\"required\">\n\t\t\t\t\t\t\t\t\t\t\t<\/div>\n\t\t\t\t\t\t\t\t<div class=\"elementor-field-type-text elementor-field-group elementor-column elementor-field-group-Phone elementor-col-50\">\n\t\t\t\t\t\t\t\t\t\t\t\t<label for=\"form-field-Phone\" class=\"elementor-field-label elementor-screen-only\">\n\t\t\t\t\t\t\t\tTelefonnummer\t\t\t\t\t\t\t<\/label>\n\t\t\t\t\t\t\t\t\t\t\t\t\t\t<input size=\"1\" type=\"text\" name=\"form_fields[Phone]\" id=\"form-field-Phone\" class=\"elementor-field elementor-size-sm  elementor-field-textual\" placeholder=\"Telefonnummer\">\n\t\t\t\t\t\t\t\t\t\t\t<\/div>\n\t\t\t\t\t\t\t\t<div class=\"elementor-field-type-textarea elementor-field-group elementor-column elementor-field-group-message elementor-col-100\">\n\t\t\t\t\t\t\t\t\t\t\t\t<label for=\"form-field-message\" class=\"elementor-field-label elementor-screen-only\">\n\t\t\t\t\t\t\t\tDeine Nachricht\t\t\t\t\t\t\t<\/label>\n\t\t\t\t\t\t<textarea class=\"elementor-field-textual elementor-field  elementor-size-sm\" name=\"form_fields[message]\" id=\"form-field-message\" rows=\"4\" placeholder=\"Deine Nachricht\"><\/textarea>\t\t\t\t<\/div>\n\t\t\t\t\t\t\t\t<div class=\"elementor-field-group elementor-column elementor-field-type-submit elementor-col-100 e-form__buttons\">\n\t\t\t\t\t<button class=\"elementor-button elementor-size-sm\" type=\"submit\">\n\t\t\t\t\t\t<span class=\"elementor-button-content-wrapper\">\n\t\t\t\t\t\t\t\t\t\t\t\t\t\t\t\t\t\t\t\t\t\t<span class=\"elementor-button-text\">Senden<\/span>\n\t\t\t\t\t\t\t\t\t\t\t\t\t<\/span>\n\t\t\t\t\t<\/button>\n\t\t\t\t<\/div>\n\t\t\t<\/div>\n\t\t<\/form>\n\t\t\t\t\t\t<\/div>\n\t\t\t\t<\/div>\n\t\t\t\t\t<\/div>\n\t\t<\/div>\n\t\t\t\t\t<\/div>\n\t\t<\/section>\n\t\t\t\t\t<\/div>\n\t\t<\/div>\n\t\t\t\t\t<\/div>\n\t\t<\/section>\n\t\t\t\t<\/div>\n\t\t","protected":false},"excerpt":{"rendered":"<p>Hochzeitserfahrung erleben &#8211; Hochzeit in Chalkidiki Organisieren Sie Ihre M\u00e4rchenhochzeit in Chalkidiki. Im Potidea palace Hotel, eines des Top-All-Inklusiv Hotels in Chalkidiki, werden unsere Eventkoordinatoren daf\u00fcr sorgen,dass Sie eine einmalige Hochzeitserfahrung erleben. Tauschen Sie Ihr Gel\u00fcbde der ewigen Liebe aus und g\u00f6nnen Sie sich einzigartige Leistungen, die zur Befriedigung Ihrer W\u00fcnsche f\u00fchren. Wir k\u00f6nnen jede [&hellip;]<\/p>\n","protected":false},"author":2,"featured_media":0,"parent":0,"menu_order":0,"comment_status":"closed","ping_status":"closed","template":"","meta":{"footnotes":""},"class_list":["post-13000","page","type-page","status-publish","hentry"],"_links":{"self":[{"href":"https:\/\/www.potidea-palace.com\/de\/wp-json\/wp\/v2\/pages\/13000","targetHints":{"allow":["GET"]}}],"collection":[{"href":"https:\/\/www.potidea-palace.com\/de\/wp-json\/wp\/v2\/pages"}],"about":[{"href":"https:\/\/www.potidea-palace.com\/de\/wp-json\/wp\/v2\/types\/page"}],"author":[{"embeddable":true,"href":"https:\/\/www.potidea-palace.com\/de\/wp-json\/wp\/v2\/users\/2"}],"replies":[{"embeddable":true,"href":"https:\/\/www.potidea-palace.com\/de\/wp-json\/wp\/v2\/comments?post=13000"}],"version-history":[{"count":0,"href":"https:\/\/www.potidea-palace.com\/de\/wp-json\/wp\/v2\/pages\/13000\/revisions"}],"wp:attachment":[{"href":"https:\/\/www.potidea-palace.com\/de\/wp-json\/wp\/v2\/media?parent=13000"}],"curies":[{"name":"wp","href":"https:\/\/api.w.org\/{rel}","templated":true}]}}