{"id":19766,"date":"2022-11-17T16:20:32","date_gmt":"2022-11-17T14:20:32","guid":{"rendered":"https:\/\/www.potidea-palace.com\/?page_id=19766"},"modified":"2026-03-23T13:58:47","modified_gmt":"2026-03-23T11:58:47","slug":"ultra-all-inclusive-package-de","status":"publish","type":"page","link":"https:\/\/www.potidea-palace.com\/de\/ultra-all-inclusive-package-de\/","title":{"rendered":"Ultra All-inclusive Package"},"content":{"rendered":"\t\t<div data-elementor-type=\"wp-page\" data-elementor-id=\"19766\" class=\"elementor elementor-19766 elementor-19391\" data-elementor-post-type=\"page\">\n\t\t\t\t\t\t<section class=\"elementor-section elementor-top-section elementor-element elementor-element-bfb6353 elementor-section-boxed elementor-section-height-default elementor-section-height-default\" data-id=\"bfb6353\" data-element_type=\"section\" data-e-type=\"section\">\n\t\t\t\t\t\t<div class=\"elementor-container elementor-column-gap-default\">\n\t\t\t\t\t<div class=\"elementor-column elementor-col-100 elementor-top-column elementor-element elementor-element-31d9a59\" data-id=\"31d9a59\" data-element_type=\"column\" data-e-type=\"column\" data-settings=\"{&quot;background_background&quot;:&quot;classic&quot;}\">\n\t\t\t<div class=\"elementor-widget-wrap elementor-element-populated\">\n\t\t\t\t\t\t<section class=\"elementor-section elementor-inner-section elementor-element elementor-element-5f5e8fb elementor-section-boxed elementor-section-height-default elementor-section-height-default\" data-id=\"5f5e8fb\" data-element_type=\"section\" data-e-type=\"section\">\n\t\t\t\t\t\t<div class=\"elementor-container elementor-column-gap-default\">\n\t\t\t\t\t<div class=\"elementor-column elementor-col-100 elementor-inner-column elementor-element elementor-element-9a53b04\" data-id=\"9a53b04\" data-element_type=\"column\" data-e-type=\"column\">\n\t\t\t<div class=\"elementor-widget-wrap elementor-element-populated\">\n\t\t\t\t\t\t<div class=\"elementor-element elementor-element-12a1c53 elementor-widget elementor-widget-heading\" data-id=\"12a1c53\" data-element_type=\"widget\" data-e-type=\"widget\" data-widget_type=\"heading.default\">\n\t\t\t\t<div class=\"elementor-widget-container\">\n\t\t\t\t\t<h1 class=\"elementor-heading-title elementor-size-default\">ULTRA ALLES INKLUSIVE PACKET <\/h1>\t\t\t\t<\/div>\n\t\t\t\t<\/div>\n\t\t\t\t<div class=\"elementor-element elementor-element-979a595 elementor-widget elementor-widget-text-editor\" data-id=\"979a595\" data-element_type=\"widget\" data-e-type=\"widget\" data-widget_type=\"text-editor.default\">\n\t\t\t\t<div class=\"elementor-widget-container\">\n\t\t\t\t\t\t\t\t\t<span style=\"color: #bb9646;\"><strong>HOTELKATEGORIE<\/strong><\/span><br>FamiIien Strandhotel 4 + \u066d<br>Saiso: April \u2013 Oktober<br>Unterkunft: 232 Zimmer<br>Zielgruppe: Familien mit Kinder,<br>Paare, Gruppen, Hochzeiten, Teambuilding, Konferenzen<br><br><strong><span style=\"color: #bb9646;\">LAGE<\/span><\/strong><br>55 km from International Thessaloniki Flughafen (SKG)<br>N\u00e4chste Stadt \u2013 Nea Moudania \u2013 5 km<br>N\u00e4chstes Dorf &#8211; Nea Potidea \u2013 1.5 km<br><br><span style=\"color: #bb9646;\"><strong>POOLS<\/strong><\/span><br>Hauptpool im Au\u00dfenbereich<br>Kinderbecken<br>Kleiner IInnenpool (*) im Wellnessbereich<br><br><span style=\"color: #bb9646;\"><strong>DIENSTLEISTUNGEN<\/strong><\/span><br>Kostenloses WI-FI in allen Hotelbereichen<br>24 Stunden Security<br>Doktor (auf Anfrage*)<br>Parkplatz<br>Ladeger\u00e4t f\u00fcr Elektroautos<br>Geldwechsel<br>24 Stunden Rezeption<br>Autovermietung(*)<br>Flughafen Transfer *(kostenlos bei Direktbuchung \u2264 7 \u00dcbernachtungen)<br>Babysitting (*)<br>Strandt\u00fccher<br>Sonnenliegen &amp; Sonnenschirme<br>Strand-Cabana (*)<br>Weckruf<br>Rettungsschwimmer\/in<br>Tennistrainer (*)<br>Safe<br>Nespresso Maschine<br>Caffee &amp; Tee Ausstattung<br><br><span style=\"color: #bb9646;\"><strong>EINRICHTUNGEN<\/strong><\/span><br>Fitnesscenter<br>Tennispl\u00e4tze<br>Nachtclub (nur f\u00fcr private Veranstaltungen)<br>Wellnessbereich mit einem breiten Angebot<br>von Behandlungen und Massagen (*)<br>Sch\u00f6nheitssalon (*)<br><br><span style=\"color: #bb9646;\"><strong>HOTELRICHTLINIEN<\/strong><\/span><br>Check-in Zeit: 15:00<br>Check-out Zeit: 11:00<br>Haustiere sind nicht erlaubt<br>Das Rauchen in den Zimmern ist strengstens verboten<br>Bundes-Klimaschutzgesetz (KSG): 10 EUR pro Zimmer pro Nacht<br><br><span style=\"color: #bb9646;\"><strong>SHOPPING<\/strong><\/span><br>\u201cCava Idea\u201d Weinkeller 08:00 \u2013 22:00<br>Markt\/Souvenirladen\/Badebekleidung<br>Weinverkostung \u00a015:00 \u2013 21:00<br><br><span style=\"color: #bb9646;\"><strong>KINDERSERVICE (Alter 4-12)<\/strong><\/span><br>Kinderclub (t\u00e4gliches Programm)<br>Kindermen\u00fc<br>Kinderdisco<br>T\u00e4gliches Animationsprogramm\/Kreative Aktivit\u00e4ten<br>Babybett, Kinderwagen, Flaschenw\u00e4rmer, Sterilisator, T\u00f6pfchen, Babywanne &#8211;<br>kostenlos (auf Anfrage)<br>Seifenblasenshow<br>Astronomie N\u00e4chte<br>Billardturnier f\u00fcr Jugendliche 12-17<br><br><span style=\"color: #bb9646;\"><strong>FREIZEIT, SPORT &amp; UNTERHALTUNG<\/strong><\/span><br>Yachtkreuzfahrten Partnerunternehmen (*)<br>Ausfl\u00fcge Partnerunternehmen (*)<br>T\u00e4gliche Animationsprogramme<br>Tisch Tennis<br>Beach Volleyball<br>Wasser-Aerobic<br>Stretching<br>Zumba<br>Billiard (*) 11:00 \u2013 00:30<br>Abends Live-Musik\/ Shows,<br>Themenabende (Griechische Nacht, Latin Nacht usw)<br>Schachbrettspielplatz im Freien,<br>Karaoke (im Nachtclub)<br><br><span style=\"color: #bb9646;\"><strong>ULTRA ALLES INKLUSIVE 09:00 -23:00<\/strong><\/span><br><span style=\"color: #bb9646;\"><strong>SELBSTBEDIENUNG<\/strong><\/span><br><br><span style=\"color: #bb9646;\"><strong>GASTRONOMIE<\/strong><\/span><br>Hauptrestaurant<br>Fr\u00fches Fr\u00fchst\u00fcck: 06:00 \u2013 07:00<br>Fr\u00fchst\u00fcck: 07:00 \u2013 10:30<br>Mittagessen: 13:00 \u2013 15:00<br>Snacks: 15:00 \u2013 17:30<br>Abendessen: 19:00 \u2013 21:30<br>Zimmer service 10:00 \u2013 22:00 ( 12 Stunden) (*)<br><br>Frischer Orangensaft beim Fr\u00fchst\u00fcck<br><br>\u201cAcropolis\u201d A la carte Restaurant:<br>Mittagessen: 13:00 \u2013 15:00<br>Abendessen: 19:00 \u2013 22:00<br>Preis pro Mahlzeit f\u00fcr Erwachsene betr\u00e4gt 30 EUR und f\u00fcr Kinder unter 12 Jahren 15 EUR<br><br>G\u00e4ste der Suiten haben Anspruch auf t\u00e4gliches Mittag- und Abendessen im A la carte Restaurant<br><br>Snacks &amp; Eis: Poolbar<br>Vegetarisches und spezielles Di\u00e4tmen\u00fc auf Anfrage<br><br><span style=\"color: #bb9646;\"><strong>BARS<\/strong><\/span><br>Willkommensgetr\u00e4nk bei Ankunft<br>Main Bar: 08:30 \u2013 19:00<br>Strand Bar: 09:00 \u2013 00:30<br>Pool Bar: 09:00 \u2013 00:30<br><br>Die Minibar wird t\u00e4glich kostenlos mit Wasser, Cola, Soda, Bier aufgef\u00fcllt, bei Kindern zus\u00e4tzlich mit Saf.<br>In der Suite au\u00dferdem mit Fanta und Sprite.<br><br>Unbegrenzter Konsum ausgew\u00e4hlter lokaler und internatonaler Getr\u00e4nke. Spezielle Getr\u00e4nkekarte (*)<br>Auswahl an Kaffee, Tee, Erfrischungsgetr\u00e4nken, Saft, Soda, Cocktails, Spirits.<br><i><\/i>\t\t\t\t\t\t\t\t<\/div>\n\t\t\t\t<\/div>\n\t\t\t\t<div class=\"elementor-element elementor-element-58bc5c7 elementor-align-start elementor-icon-list--layout-traditional elementor-list-item-link-full_width elementor-widget elementor-widget-icon-list\" data-id=\"58bc5c7\" data-element_type=\"widget\" data-e-type=\"widget\" data-widget_type=\"icon-list.default\">\n\t\t\t\t<div class=\"elementor-widget-container\">\n\t\t\t\t\t\t\t<ul class=\"elementor-icon-list-items\">\n\t\t\t\t\t\t\t<li class=\"elementor-icon-list-item\">\n\t\t\t\t\t\t\t\t\t\t\t<span class=\"elementor-icon-list-icon\">\n\t\t\t\t\t\t\t<i aria-hidden=\"true\" class=\"fas fa-info-circle\"><\/i>\t\t\t\t\t\t<\/span>\n\t\t\t\t\t\t\t\t\t\t<span class=\"elementor-icon-list-text\">(*) gegen Aufpreis<\/span>\n\t\t\t\t\t\t\t\t\t<\/li>\n\t\t\t\t\t\t\t\t<li class=\"elementor-icon-list-item\">\n\t\t\t\t\t\t\t\t\t\t\t<span class=\"elementor-icon-list-icon\">\n\t\t\t\t\t\t\t<i aria-hidden=\"true\" class=\"fas fa-info-circle\"><\/i>\t\t\t\t\t\t<\/span>\n\t\t\t\t\t\t\t\t\t\t<span class=\"elementor-icon-list-text\">Alle Angaben dienen nur der allgemeinen Information und k\u00f6nnen je nach Programmablauf abweichen. Wir bem\u00fchen uns, die Informationen aktuell und richtig zu halten, sie begr\u00fcnden jedoch keine Verpflichtungen gegen\u00fcber G\u00e4sten oder Drittpartnern.<\/span>\n\t\t\t\t\t\t\t\t\t<\/li>\n\t\t\t\t\t\t<\/ul>\n\t\t\t\t\t\t<\/div>\n\t\t\t\t<\/div>\n\t\t\t\t\t<\/div>\n\t\t<\/div>\n\t\t\t\t\t<\/div>\n\t\t<\/section>\n\t\t\t\t\t<\/div>\n\t\t<\/div>\n\t\t\t\t\t<\/div>\n\t\t<\/section>\n\t\t\t\t<section class=\"elementor-section elementor-top-section elementor-element elementor-element-4246b40 elementor-section-boxed elementor-section-height-default elementor-section-height-default\" data-id=\"4246b40\" data-element_type=\"section\" data-e-type=\"section\" data-settings=\"{&quot;background_background&quot;:&quot;classic&quot;,&quot;background_motion_fx_motion_fx_scrolling&quot;:&quot;yes&quot;,&quot;background_motion_fx_translateX_effect&quot;:&quot;yes&quot;,&quot;background_motion_fx_translateX_speed&quot;:{&quot;unit&quot;:&quot;px&quot;,&quot;size&quot;:8,&quot;sizes&quot;:[]},&quot;background_motion_fx_translateX_affectedRange&quot;:{&quot;unit&quot;:&quot;%&quot;,&quot;size&quot;:&quot;&quot;,&quot;sizes&quot;:{&quot;start&quot;:0,&quot;end&quot;:100}},&quot;background_motion_fx_devices&quot;:[&quot;desktop&quot;,&quot;tablet&quot;,&quot;mobile&quot;]}\">\n\t\t\t\t\t\t<div class=\"elementor-container elementor-column-gap-default\">\n\t\t\t\t\t<div class=\"elementor-column elementor-col-100 elementor-top-column elementor-element elementor-element-971f409\" data-id=\"971f409\" data-element_type=\"column\" data-e-type=\"column\">\n\t\t\t<div class=\"elementor-widget-wrap elementor-element-populated\">\n\t\t\t\t\t\t<div class=\"elementor-element elementor-element-a2fe9ee elementor-cta--layout-image-left elementor-cta--valign-middle elementor-bg-transform elementor-bg-transform-move-down elementor-cta--mobile-layout-image-above elementor-cta--skin-classic elementor-animated-content elementor-widget elementor-widget-call-to-action\" data-id=\"a2fe9ee\" data-element_type=\"widget\" data-e-type=\"widget\" data-widget_type=\"call-to-action.default\">\n\t\t\t\t<div class=\"elementor-widget-container\">\n\t\t\t\t\t\t\t<div class=\"elementor-cta\">\n\t\t\t\t\t<div class=\"elementor-cta__bg-wrapper\">\n\t\t\t\t<div class=\"elementor-cta__bg elementor-bg\" style=\"background-image: url(https:\/\/www.potidea-palace.com\/wp-content\/uploads\/2024\/08\/Beach-Bar-768x512.webp);\" role=\"img\" aria-label=\"Beach Bar\"><\/div>\n\t\t\t\t<div class=\"elementor-cta__bg-overlay\"><\/div>\n\t\t\t<\/div>\n\t\t\t\t\t\t\t<div class=\"elementor-cta__content\">\n\t\t\t\t\n\t\t\t\t\t\t\t\t\t<h3 class=\"elementor-cta__title elementor-cta__content-item elementor-content-item\">\n\t\t\t\t\t\tULTRA ALLES INKLUSIVE PACKET\t\t\t\t\t<\/h3>\n\t\t\t\t\n\t\t\t\t\t\t\t\t\t<div class=\"elementor-cta__description elementor-cta__content-item elementor-content-item\">\n\t\t\t\t\t\t<p>Getr\u00e4nkekarte<\/p>\n\t\t\t\t\t<\/div>\n\t\t\t\t\n\t\t\t\t\t\t\t\t\t<div class=\"elementor-cta__button-wrapper elementor-cta__content-item elementor-content-item \">\n\t\t\t\t\t<a class=\"elementor-cta__button elementor-button elementor-size-md\" href=\"\/wp-content\/uploads\/2025\/03\/PPH-all-inclusive-menu-DE-v.2025.pdf\" target=\"_blank\">\n\t\t\t\t\t\tENTDECKE MEHR \u00bb\t\t\t\t\t<\/a>\n\t\t\t\t\t<\/div>\n\t\t\t\t\t\t\t<\/div>\n\t\t\t\t\t\t<\/div>\n\t\t\t\t\t\t<\/div>\n\t\t\t\t<\/div>\n\t\t\t\t\t<\/div>\n\t\t<\/div>\n\t\t\t\t\t<\/div>\n\t\t<\/section>\n\t\t\t\t<\/div>\n\t\t","protected":false},"excerpt":{"rendered":"<p>ULTRA ALLES INKLUSIVE PACKET HOTELKATEGORIEFamiIien Strandhotel 4 + \u066dSaiso: April \u2013 OktoberUnterkunft: 232 ZimmerZielgruppe: Familien mit Kinder,Paare, Gruppen, Hochzeiten, Teambuilding, Konferenzen LAGE55 km from International Thessaloniki Flughafen (SKG)N\u00e4chste Stadt \u2013 Nea Moudania \u2013 5 kmN\u00e4chstes Dorf &#8211; Nea Potidea \u2013 1.5 km POOLSHauptpool im Au\u00dfenbereichKinderbeckenKleiner IInnenpool (*) im Wellnessbereich DIENSTLEISTUNGENKostenloses WI-FI in allen Hotelbereichen24 Stunden [&hellip;]<\/p>\n","protected":false},"author":2,"featured_media":0,"parent":0,"menu_order":0,"comment_status":"closed","ping_status":"closed","template":"","meta":{"footnotes":""},"class_list":["post-19766","page","type-page","status-publish","hentry"],"_links":{"self":[{"href":"https:\/\/www.potidea-palace.com\/de\/wp-json\/wp\/v2\/pages\/19766","targetHints":{"allow":["GET"]}}],"collection":[{"href":"https:\/\/www.potidea-palace.com\/de\/wp-json\/wp\/v2\/pages"}],"about":[{"href":"https:\/\/www.potidea-palace.com\/de\/wp-json\/wp\/v2\/types\/page"}],"author":[{"embeddable":true,"href":"https:\/\/www.potidea-palace.com\/de\/wp-json\/wp\/v2\/users\/2"}],"replies":[{"embeddable":true,"href":"https:\/\/www.potidea-palace.com\/de\/wp-json\/wp\/v2\/comments?post=19766"}],"version-history":[{"count":12,"href":"https:\/\/www.potidea-palace.com\/de\/wp-json\/wp\/v2\/pages\/19766\/revisions"}],"predecessor-version":[{"id":21566,"href":"https:\/\/www.potidea-palace.com\/de\/wp-json\/wp\/v2\/pages\/19766\/revisions\/21566"}],"wp:attachment":[{"href":"https:\/\/www.potidea-palace.com\/de\/wp-json\/wp\/v2\/media?parent=19766"}],"curies":[{"name":"wp","href":"https:\/\/api.w.org\/{rel}","templated":true}]}}